{"id":18744,"date":"2023-02-02T17:04:38","date_gmt":"2023-02-02T17:04:38","guid":{"rendered":"https:\/\/madebyuh.pt\/?page_id=18744"},"modified":"2025-07-03T10:02:19","modified_gmt":"2025-07-03T09:02:19","slug":"fptm","status":"publish","type":"page","link":"https:\/\/madebyuh.pt\/en\/projetos\/fptm\/","title":{"rendered":"FPTM"},"content":{"rendered":"<div data-elementor-type=\"wp-page\" data-elementor-id=\"18744\" class=\"elementor elementor-18744\">\n\t\t\t\t<div class=\"elementor-element elementor-element-7dc26275 e-flex e-con-boxed e-con e-parent\" data-id=\"7dc26275\" data-element_type=\"container\">\n\t\t\t\t\t<div class=\"e-con-inner\">\n\t\t\t\t<div class=\"elementor-element elementor-element-3e7c0699 jet-breadcrumbs-align-left elementor-widget elementor-widget-jet-breadcrumbs\" data-id=\"3e7c0699\" data-element_type=\"widget\" data-widget_type=\"jet-breadcrumbs.default\">\n\t\t\t\t<div class=\"elementor-widget-container\">\n\t\t\t\t\t<div class=\"elementor-jet-breadcrumbs jet-blocks\">\n\t\t<div class=\"jet-breadcrumbs\">\n\t\t<div class=\"jet-breadcrumbs__content\">\n\t\t<div class=\"jet-breadcrumbs__wrap\"><div class=\"jet-breadcrumbs__item\"><a href=\"https:\/\/madebyuh.pt\/en\/\" class=\"jet-breadcrumbs__item-link is-home\" rel=\"home\" title=\"Madebyuh! &#8211; Frases Ilustradas, Lda.\">Madebyuh! &#8211; Frases Ilustradas, Lda.<\/a><\/div>\n\t\t<\/div>\n\t\t<\/div>\n\t\t<\/div><\/div>\t\t\t\t<\/div>\n\t\t\t\t<\/div>\n\t\t\t\t\t<\/div>\n\t\t\t\t<\/div>\n\t\t\t\t<section class=\"elementor-section elementor-top-section elementor-element elementor-element-246242e4 elementor-section-boxed elementor-section-height-default elementor-section-height-default\" data-id=\"246242e4\" data-element_type=\"section\">\n\t\t\t\t\t\t<div class=\"elementor-container elementor-column-gap-default\">\n\t\t\t\t\t<div class=\"elementor-column elementor-col-100 elementor-top-column elementor-element elementor-element-35a980b5\" data-id=\"35a980b5\" data-element_type=\"column\">\n\t\t\t<div class=\"elementor-widget-wrap elementor-element-populated\">\n\t\t\t\t\t\t<div class=\"elementor-element elementor-element-41b38ac3 elementor-widget elementor-widget-heading\" data-id=\"41b38ac3\" data-element_type=\"widget\" data-widget_type=\"heading.default\">\n\t\t\t\t<div class=\"elementor-widget-container\">\n\t\t\t\t\t<h2 class=\"elementor-heading-title elementor-size-default\">FPTM - Federa\u00e7\u00e3o Portuguesa de T\u00e9nis de Mesa<\/h2>\t\t\t\t<\/div>\n\t\t\t\t<\/div>\n\t\t\t\t<div class=\"elementor-element elementor-element-51aae353 elementor-widget elementor-widget-heading\" data-id=\"51aae353\" data-element_type=\"widget\" data-widget_type=\"heading.default\">\n\t\t\t\t<div class=\"elementor-widget-container\">\n\t\t\t\t\t<h5 class=\"elementor-heading-title elementor-size-default\">Decora\u00e7\u00e3o, Estacion\u00e1rio, Merchandising<\/h5>\t\t\t\t<\/div>\n\t\t\t\t<\/div>\n\t\t\t\t<div class=\"elementor-element elementor-element-5655486d elementor-button-info elementor-align-left elementor-widget__width-auto elementor-widget-mobile__width-auto elementor-widget elementor-widget-button\" data-id=\"5655486d\" data-element_type=\"widget\" data-widget_type=\"button.default\">\n\t\t\t\t<div class=\"elementor-widget-container\">\n\t\t\t\t\t\t\t\t\t<div class=\"elementor-button-wrapper\">\n\t\t\t\t\t<a class=\"elementor-button elementor-button-link elementor-size-sm elementor-animation-grow\" href=\"https:\/\/fptm.pt\/\" target=\"_blank\">\n\t\t\t\t\t\t<span class=\"elementor-button-content-wrapper\">\n\t\t\t\t\t\t<span class=\"elementor-button-icon\">\n\t\t\t\t<i aria-hidden=\"true\" class=\"nc-icon-outline arrows-1_tail-right\"><\/i>\t\t\t<\/span>\n\t\t\t\t\t\t\t\t\t<span class=\"elementor-button-text\">Website<\/span>\n\t\t\t\t\t<\/span>\n\t\t\t\t\t<\/a>\n\t\t\t\t<\/div>\n\t\t\t\t\t\t\t\t<\/div>\n\t\t\t\t<\/div>\n\t\t\t\t\t<\/div>\n\t\t<\/div>\n\t\t\t\t\t<\/div>\n\t\t<\/section>\n\t\t<div class=\"elementor-element elementor-element-131afab e-con-full e-flex e-con e-parent\" data-id=\"131afab\" data-element_type=\"container\">\n\t\t<div class=\"elementor-element elementor-element-20ae7f5 e-con-full e-flex e-con e-child\" data-id=\"20ae7f5\" data-element_type=\"container\">\n\t\t\t\t<div class=\"elementor-element elementor-element-221e243 elementor-widget elementor-widget-image\" data-id=\"221e243\" data-element_type=\"widget\" data-widget_type=\"image.default\">\n\t\t\t\t<div class=\"elementor-widget-container\">\n\t\t\t\t\t\t\t\t\t\t\t\t<figure class=\"wp-caption\">\n\t\t\t\t\t\t\t\t\t\t<img fetchpriority=\"high\" decoding=\"async\" width=\"1250\" height=\"938\" src=\"https:\/\/madebyuh.pt\/wp-content\/uploads\/2023\/02\/fptm-web-3.jpg\" class=\"attachment-full size-full wp-image-19707\" alt=\"Bandeira em gota\" srcset=\"https:\/\/madebyuh.pt\/wp-content\/uploads\/2023\/02\/fptm-web-3.jpg 1250w, https:\/\/madebyuh.pt\/wp-content\/uploads\/2023\/02\/fptm-web-3-300x225.jpg 300w, https:\/\/madebyuh.pt\/wp-content\/uploads\/2023\/02\/fptm-web-3-1024x768.jpg 1024w, https:\/\/madebyuh.pt\/wp-content\/uploads\/2023\/02\/fptm-web-3-768x576.jpg 768w, https:\/\/madebyuh.pt\/wp-content\/uploads\/2023\/02\/fptm-web-3-16x12.jpg 16w, https:\/\/madebyuh.pt\/wp-content\/uploads\/2023\/02\/fptm-web-3-600x450.jpg 600w\" sizes=\"(max-width: 1250px) 100vw, 1250px\" \/>\t\t\t\t\t\t\t\t\t\t\t<figcaption class=\"widget-image-caption wp-caption-text\">Bandeira em gota<\/figcaption>\n\t\t\t\t\t\t\t\t\t\t<\/figure>\n\t\t\t\t\t\t\t\t\t<\/div>\n\t\t\t\t<\/div>\n\t\t\t\t<\/div>\n\t\t<div class=\"elementor-element elementor-element-8d71d66 e-con-full e-flex e-con e-child\" data-id=\"8d71d66\" data-element_type=\"container\">\n\t\t\t\t<div class=\"elementor-element elementor-element-a71b8fc elementor-widget elementor-widget-image\" data-id=\"a71b8fc\" data-element_type=\"widget\" data-widget_type=\"image.default\">\n\t\t\t\t<div class=\"elementor-widget-container\">\n\t\t\t\t\t\t\t\t\t\t\t\t<figure class=\"wp-caption\">\n\t\t\t\t\t\t\t\t\t\t<img decoding=\"async\" width=\"1250\" height=\"938\" src=\"https:\/\/madebyuh.pt\/wp-content\/uploads\/2023\/02\/fptm-web-2.jpg\" class=\"attachment-full size-full wp-image-19706\" alt=\"Backdrop de fotografia\" srcset=\"https:\/\/madebyuh.pt\/wp-content\/uploads\/2023\/02\/fptm-web-2.jpg 1250w, https:\/\/madebyuh.pt\/wp-content\/uploads\/2023\/02\/fptm-web-2-300x225.jpg 300w, https:\/\/madebyuh.pt\/wp-content\/uploads\/2023\/02\/fptm-web-2-1024x768.jpg 1024w, https:\/\/madebyuh.pt\/wp-content\/uploads\/2023\/02\/fptm-web-2-768x576.jpg 768w, https:\/\/madebyuh.pt\/wp-content\/uploads\/2023\/02\/fptm-web-2-16x12.jpg 16w, https:\/\/madebyuh.pt\/wp-content\/uploads\/2023\/02\/fptm-web-2-600x450.jpg 600w\" sizes=\"(max-width: 1250px) 100vw, 1250px\" \/>\t\t\t\t\t\t\t\t\t\t\t<figcaption class=\"widget-image-caption wp-caption-text\">Backdrop de fotografia<\/figcaption>\n\t\t\t\t\t\t\t\t\t\t<\/figure>\n\t\t\t\t\t\t\t\t\t<\/div>\n\t\t\t\t<\/div>\n\t\t\t\t<\/div>\n\t\t\t\t<\/div>\n\t\t<div class=\"elementor-element elementor-element-724a9a2 e-con-full e-flex e-con e-parent\" data-id=\"724a9a2\" data-element_type=\"container\">\n\t\t<div class=\"elementor-element elementor-element-7c70e53 e-con-full e-flex e-con e-child\" data-id=\"7c70e53\" data-element_type=\"container\">\n\t\t\t\t<div class=\"elementor-element elementor-element-0ddd6c0 elementor-widget elementor-widget-image\" data-id=\"0ddd6c0\" data-element_type=\"widget\" data-widget_type=\"image.default\">\n\t\t\t\t<div class=\"elementor-widget-container\">\n\t\t\t\t\t\t\t\t\t\t\t\t<figure class=\"wp-caption\">\n\t\t\t\t\t\t\t\t\t\t<img decoding=\"async\" width=\"1250\" height=\"938\" src=\"https:\/\/madebyuh.pt\/wp-content\/uploads\/2023\/02\/fptm-web-4.jpg\" class=\"attachment-full size-full wp-image-19708\" alt=\"Pasta de documentos A4\" srcset=\"https:\/\/madebyuh.pt\/wp-content\/uploads\/2023\/02\/fptm-web-4.jpg 1250w, https:\/\/madebyuh.pt\/wp-content\/uploads\/2023\/02\/fptm-web-4-300x225.jpg 300w, https:\/\/madebyuh.pt\/wp-content\/uploads\/2023\/02\/fptm-web-4-1024x768.jpg 1024w, https:\/\/madebyuh.pt\/wp-content\/uploads\/2023\/02\/fptm-web-4-768x576.jpg 768w, https:\/\/madebyuh.pt\/wp-content\/uploads\/2023\/02\/fptm-web-4-16x12.jpg 16w, https:\/\/madebyuh.pt\/wp-content\/uploads\/2023\/02\/fptm-web-4-600x450.jpg 600w\" sizes=\"(max-width: 1250px) 100vw, 1250px\" \/>\t\t\t\t\t\t\t\t\t\t\t<figcaption class=\"widget-image-caption wp-caption-text\">Pasta de documentos A4<\/figcaption>\n\t\t\t\t\t\t\t\t\t\t<\/figure>\n\t\t\t\t\t\t\t\t\t<\/div>\n\t\t\t\t<\/div>\n\t\t\t\t<\/div>\n\t\t<div class=\"elementor-element elementor-element-bdc85d9 e-con-full e-flex e-con e-child\" data-id=\"bdc85d9\" data-element_type=\"container\">\n\t\t\t\t<div class=\"elementor-element elementor-element-dc6234d elementor-widget elementor-widget-image\" data-id=\"dc6234d\" data-element_type=\"widget\" data-widget_type=\"image.default\">\n\t\t\t\t<div class=\"elementor-widget-container\">\n\t\t\t\t\t\t\t\t\t\t\t\t<figure class=\"wp-caption\">\n\t\t\t\t\t\t\t\t\t\t<img loading=\"lazy\" decoding=\"async\" width=\"1250\" height=\"938\" src=\"https:\/\/madebyuh.pt\/wp-content\/uploads\/2023\/02\/fptm-web-1.jpg\" class=\"attachment-full size-full wp-image-19090\" alt=\"Lanyard em poli\u00e9ster com ajuste e mosquet\u00e3o\" srcset=\"https:\/\/madebyuh.pt\/wp-content\/uploads\/2023\/02\/fptm-web-1.jpg 1250w, https:\/\/madebyuh.pt\/wp-content\/uploads\/2023\/02\/fptm-web-1-300x225.jpg 300w, https:\/\/madebyuh.pt\/wp-content\/uploads\/2023\/02\/fptm-web-1-1024x768.jpg 1024w, https:\/\/madebyuh.pt\/wp-content\/uploads\/2023\/02\/fptm-web-1-768x576.jpg 768w, https:\/\/madebyuh.pt\/wp-content\/uploads\/2023\/02\/fptm-web-1-16x12.jpg 16w, https:\/\/madebyuh.pt\/wp-content\/uploads\/2023\/02\/fptm-web-1-600x450.jpg 600w\" sizes=\"(max-width: 1250px) 100vw, 1250px\" \/>\t\t\t\t\t\t\t\t\t\t\t<figcaption class=\"widget-image-caption wp-caption-text\">Lanyard em poli\u00e9ster com ajuste e mosquet\u00e3o<\/figcaption>\n\t\t\t\t\t\t\t\t\t\t<\/figure>\n\t\t\t\t\t\t\t\t\t<\/div>\n\t\t\t\t<\/div>\n\t\t\t\t<\/div>\n\t\t\t\t<\/div>\n\t\t<div class=\"elementor-element elementor-element-7b40f80 e-flex e-con-boxed e-con e-parent\" data-id=\"7b40f80\" data-element_type=\"container\">\n\t\t\t\t\t<div class=\"e-con-inner\">\n\t\t\t\t<div class=\"elementor-element elementor-element-320c501 elementor-widget elementor-widget-html\" data-id=\"320c501\" data-element_type=\"widget\" data-widget_type=\"html.default\">\n\t\t\t\t<div class=\"elementor-widget-container\">\n\t\t\t\t\t<script>document.addEventListener(\"DOMContentLoaded\", function () {\n  const footer = document.querySelector(\"footer\");\n\n  if (footer) {\n    const walker = document.createTreeWalker(footer, NodeFilter.SHOW_TEXT, null, false);\n    let node;\n\n    while ((node = walker.nextNode())) {\n      if (node.nodeValue.includes(\"2023\")) {\n        node.nodeValue = node.nodeValue.replace(\"2023\", \"2025\");\n      }\n    }\n  }\n});\n<\/script>\t\t\t\t<\/div>\n\t\t\t\t<\/div>\n\t\t\t\t\t<\/div>\n\t\t\t\t<\/div>\n\t\t\t\t<\/div>","protected":false},"excerpt":{"rendered":"<p>Madebyuh! &#8211; Frases Ilustradas, Lda. FPTM &#8211; Federa\u00e7\u00e3o Portuguesa de T\u00e9nis de Mesa Decora\u00e7\u00e3o, Estacion\u00e1rio, Merchandising Website Bandeira em gota Backdrop de fotografia Pasta de documentos A4 Lanyard em poli\u00e9ster com ajuste e mosquet\u00e3o<\/p>","protected":false},"author":1,"featured_media":0,"parent":6268,"menu_order":0,"comment_status":"closed","ping_status":"closed","template":"elementor_header_footer","meta":{"slim_seo":{"description":"FPTM - Federa\u00e7\u00e3o Portuguesa de T\u00e9nis de Mesa\u200b - Decora\u00e7\u00e3o, Estacion\u00e1rio, Merchandising\u200b","title":"FPTM - Madebyuh! - Frases Ilustradas"},"footnotes":""},"class_list":["post-18744","page","type-page","status-publish","hentry"],"_links":{"self":[{"href":"https:\/\/madebyuh.pt\/en\/wp-json\/wp\/v2\/pages\/18744"}],"collection":[{"href":"https:\/\/madebyuh.pt\/en\/wp-json\/wp\/v2\/pages"}],"about":[{"href":"https:\/\/madebyuh.pt\/en\/wp-json\/wp\/v2\/types\/page"}],"author":[{"embeddable":true,"href":"https:\/\/madebyuh.pt\/en\/wp-json\/wp\/v2\/users\/1"}],"replies":[{"embeddable":true,"href":"https:\/\/madebyuh.pt\/en\/wp-json\/wp\/v2\/comments?post=18744"}],"version-history":[{"count":8,"href":"https:\/\/madebyuh.pt\/en\/wp-json\/wp\/v2\/pages\/18744\/revisions"}],"predecessor-version":[{"id":23530,"href":"https:\/\/madebyuh.pt\/en\/wp-json\/wp\/v2\/pages\/18744\/revisions\/23530"}],"up":[{"embeddable":true,"href":"https:\/\/madebyuh.pt\/en\/wp-json\/wp\/v2\/pages\/6268"}],"wp:attachment":[{"href":"https:\/\/madebyuh.pt\/en\/wp-json\/wp\/v2\/media?parent=18744"}],"curies":[{"name":"wp","href":"https:\/\/api.w.org\/{rel}","templated":true}]}}